{"id":92516,"date":"2017-05-24T08:16:43","date_gmt":"2017-05-24T08:16:43","guid":{"rendered":"https:\/\/rgsvacuumsystems.com\/footer-principale\/"},"modified":"2025-06-26T07:17:37","modified_gmt":"2025-06-26T07:17:37","slug":"footer-principale","status":"publish","type":"page","link":"https:\/\/rgsvacuumsystems.com\/fr\/footer-principale\/","title":{"rendered":"footer principale"},"content":{"rendered":"<div class=\"wpb-content-wrapper\"><p>[vc_row][vc_column width=\"1\/3\"][vc_row_inner][vc_column_inner css=\".vc_custom_1492517463471{padding-right: 10% !important;}\"]<div class=\"dfd-spacer-module\"  data-units=\"px\" data-wide_resolution=\"1280\" data-wide_size=\"75\" data-normal_resolution=\"1024\" data-normal_size=\"65\" data-tablet_resolution=\"800\" data-tablet_size=\"90\" data-mobile_resolution=\"480\" data-mobile_size=\"50\" style=\"height: 75px;\"><\/div><div class=\"dfd-spacer-module\"  data-units=\"px\" data-wide_resolution=\"1280\" data-wide_size=\"0\" data-normal_resolution=\"1024\" data-normal_size=\"65\" data-tablet_resolution=\"800\" data-tablet_size=\"80\" data-mobile_resolution=\"480\" data-mobile_size=\"0\" style=\"height: 0px;\"><\/div><div class=\"dfd-heading-shortcode\"><div class=\"dfd-heading-module-wrap  text-left style_01 dfd-heading-69d762caa6025 dfd-disable-resposive-headings\" id=\"dfd-heading-69d762caa6025\" ><div class=\"inline-block\"><div class=\"dfd-heading-module\"><h6 class=\"widget-title dfd-title \" style=\"font-size: 13px; color: #7c7c7c !important; \">INFORMATION ET ISI\u00c8GE DE CONTACTS<\/h6><\/div><\/div><\/div><script type=\"text\/javascript\">\r\n\t\t\t\t\t\t\t\t\t(function($) {\r\n\t\t\t\t\t\t\t\t\t\t$(\"head\").append(\"<style>.dfd-heading-69d762caa6025.dfd-heading-module-wrap .dfd-heading-module .dfd-heading-delimiter {margin-top:10px;margin-bottom:10px;}<\/style>\");\r\n\t\t\t\t\t\t\t\t\t})(jQuery);\r\n\t\t\t\t\t\t\t\t<\/script><\/div>[vc_column_text]<strong><span style=\"color: #206a32;\">RGS Vacuum Systems<\/span><\/strong> est une entreprise sp\u00e9cialis\u00e9e dans la production <em>d'aspirateurs industriels, de convoyeurs pneumatiques <\/em> pour poudres et granul\u00e9s et <em> de syst\u00e8mes d'aspiration centralis\u00e9s.<\/em>[\/vc_column_text]<div class=\"dfd-spacer-module\"  data-units=\"px\" data-wide_resolution=\"1280\" data-wide_size=\"28\" data-normal_resolution=\"1024\" data-normal_size=\"25\" data-tablet_resolution=\"800\" data-tablet_size=\"25\" data-mobile_resolution=\"480\" data-mobile_size=\"25\" style=\"height: 28px;\"><\/div><div id=\"dfd-icon-list-69d762caa6204-7184\" class=\"dfd-icon-list-wrap  style-1  \" ><ul class=\"dfd-icon-list\"><li class=\"\"><div class=\"dfd-list-content clearfix \" style=\"padding-bottom:30px;\"><div class=\"dfd-list-icon-block text-center\" style=\"margin-right:20px;color:rgba(255,255,255,0.5); font-size:16px; width:16px; height:16px; \"><i class = \"dfd-icon-marker\"><\/i><\/div><div class=\"dfd-list-content-block content\">Via Mavore 1640\/C - Frazione Lame,<br \/>\n41059, Zocca (MO) Italy<\/div><\/div><\/li><li class=\"\"><div class=\"dfd-list-content clearfix \" style=\"padding-bottom:30px;\"><div class=\"dfd-list-icon-block text-center\" style=\"margin-right:20px;color:rgba(255,255,255,0.5); font-size:16px; width:16px; height:16px; \"><i class = \"dfd-icon-phone\"><\/i><\/div><div class=\"dfd-list-content-block content\"><a href=\"callto:+39 059-986833\">+39 059-986833<\/a><\/div><\/div><\/li><li class=\"\"><div class=\"dfd-list-content clearfix \" style=\"padding-bottom:30px;\"><div class=\"dfd-list-icon-block text-center\" style=\"margin-right:20px;color:rgba(255,255,255,0.5); font-size:16px; width:16px; height:16px; \"><i class = \"dfd-icon-email_check\"><\/i><\/div><div class=\"dfd-list-content-block content\"><a href=\"mailto:info@rgsvs.com\">info@rgsvs.com<\/a><\/div><\/div><\/li><li class=\"\"><div class=\"dfd-list-content clearfix \" style=\"padding-bottom:30px;\"><div class=\"dfd-list-icon-block text-center\" style=\"margin-right:20px;color:rgba(255,255,255,0.5); font-size:16px; width:16px; height:16px; \"><i class = \"dfd-icon-earth\"><\/i><\/div><div class=\"dfd-list-content-block content\"><a style=\"text-decoration: none;\" href=\"https:\/\/www.rgsimpianti.com\/fr\/\" target=\"_blank\" rel=\"noopener noreferrer\">www.rgsimpianti.com<\/a><\/div><\/div><\/li><li class=\"\"><div class=\"dfd-list-content clearfix \" style=\"padding-bottom:30px;\"><div class=\"dfd-list-icon-block text-center\" style=\"margin-right:20px;color:rgba(255,255,255,0.5); font-size:16px; width:16px; height:16px; \"><i class = \"dfd-icon-clock_2\"><\/i><\/div><div class=\"dfd-list-content-block content\">Lun - Ven: 8:00 - 18:00<\/div><\/div><\/li><\/ul><\/div><script type=\"text\/javascript\">(function($) {$(\"head\").append(\"<style>#dfd-icon-list-69d762caa6204-7184 .dfd-icon-list .content {style=&quot;font-family:Raleway; font-weight:400; font-style:normal; font-size: 14px; line-height: 16px; &quot;}<\/style>\");})(jQuery);<\/script><div class=\"dfd-spacer-module\"  data-units=\"px\" data-wide_resolution=\"1280\" data-wide_size=\"30\" data-normal_resolution=\"1024\" data-normal_size=\"30\" data-tablet_resolution=\"800\" data-tablet_size=\"25\" data-mobile_resolution=\"480\" data-mobile_size=\"20\" style=\"height: 30px;\"><\/div><div id=\"dfd-soc-icon-69d762caa6639-3532\" class=\"dfd-new-soc-icon text-left style-5 with-border   \" ><div class=\"soc-icon-container clearfix\"><a href=\"https:\/\/www.facebook.com\/rgsvacuumsystems\/\"  target=\"_blank\"  class=\"soc_icon-facebook\"><i class=\"soc_icon-facebook\"><\/i><\/a><a href=\"https:\/\/www.linkedin.com\/company\/rgs-vacuum-systems\/\"  target=\"_blank\"  class=\"soc_icon-linkedin\"><i class=\"soc_icon-linkedin\"><\/i><\/a><a href=\"https:\/\/www.youtube.com\/channel\/UCecKRFh4kG8GJQFHzpOiMAw\/\"  target=\"_blank\"  class=\"soc_icon-youtube\"><i class=\"soc_icon-youtube\"><\/i><\/a><\/div><\/div><script type=\"text\/javascript\">\r\n\t\t\t\t\t\t\t(function($) {\r\n\t\t\t\t\t\t\t\t$(\"head\").append(\"<style>#dfd-soc-icon-69d762caa6639-3532.dfd-new-soc-icon a {font-size: 14px; margin-right: 1px; }#dfd-soc-icon-69d762caa6639-3532.dfd-new-soc-icon a:before {border-width: 1px; line-height: 40px; }#dfd-soc-icon-69d762caa6639-3532.dfd-new-soc-icon a i {}<\/style>\");\r\n\t\t\t\t\t\t\t})(jQuery);\r\n\t\t\t\t\t\t<\/script><div class=\"dfd-spacer-module\"  data-units=\"px\" data-wide_resolution=\"1280\" data-wide_size=\"30\" data-normal_resolution=\"1024\" data-normal_size=\"30\" data-tablet_resolution=\"800\" data-tablet_size=\"25\" data-mobile_resolution=\"480\" data-mobile_size=\"20\" style=\"height: 30px;\"><\/div>[vc_single_image image=\"92944\" img_size=\"240x70\"]<div class=\"dfd-spacer-module\"  data-units=\"px\" data-wide_resolution=\"1280\" data-wide_size=\"30\" data-normal_resolution=\"1024\" data-normal_size=\"30\" data-tablet_resolution=\"800\" data-tablet_size=\"25\" data-mobile_resolution=\"480\" data-mobile_size=\"20\" style=\"height: 30px;\"><\/div>[vc_single_image image=\"93377\" img_size=\"330x50\" css=\"\"]<div class=\"dfd-spacer-module\"  data-units=\"px\" data-wide_resolution=\"1280\" data-wide_size=\"30\" data-normal_resolution=\"1024\" data-normal_size=\"30\" data-tablet_resolution=\"800\" data-tablet_size=\"25\" data-mobile_resolution=\"480\" data-mobile_size=\"20\" style=\"height: 30px;\"><\/div>[\/vc_column_inner][\/vc_row_inner][\/vc_column][vc_column width=\"1\/3\"][vc_row_inner][vc_column_inner]<div class=\"dfd-spacer-module\"  data-units=\"px\" data-wide_resolution=\"1280\" data-wide_size=\"75\" data-normal_resolution=\"1024\" data-normal_size=\"65\" data-tablet_resolution=\"800\" data-tablet_size=\"90\" data-mobile_resolution=\"480\" data-mobile_size=\"0\" style=\"height: 75px;\"><\/div><div class=\"dfd-heading-shortcode\"><div class=\"dfd-heading-module-wrap  text-left style_01 dfd-heading-69d762caa67fd dfd-disable-resposive-headings\" id=\"dfd-heading-69d762caa67fd\" ><div class=\"inline-block\"><div class=\"dfd-heading-module\"><h6 class=\"widget-title dfd-title \" style=\"font-size: 13px; color: #7c7c7c !important; \">BRANCHES<\/h6><\/div><\/div><\/div><script type=\"text\/javascript\">\r\n\t\t\t\t\t\t\t\t\t(function($) {\r\n\t\t\t\t\t\t\t\t\t\t$(\"head\").append(\"<style>.dfd-heading-69d762caa67fd.dfd-heading-module-wrap .dfd-heading-module .dfd-heading-delimiter {margin-top:10px;margin-bottom:10px;}<\/style>\");\r\n\t\t\t\t\t\t\t\t\t})(jQuery);\r\n\t\t\t\t\t\t\t\t<\/script><\/div><div class=\"dfd-spacer-module\"  data-units=\"px\" data-wide_resolution=\"1280\" data-wide_size=\"25\" data-normal_resolution=\"1024\" data-normal_size=\"20\" data-tablet_resolution=\"800\" data-tablet_size=\"15\" data-mobile_resolution=\"480\" data-mobile_size=\"10\" style=\"height: 25px;\"><\/div>[\/vc_column_inner][\/vc_row_inner]<div id=\"dfd-icon-list-69d762caa6990-1592\" class=\"dfd-icon-list-wrap  style-1  \" ><ul class=\"dfd-icon-list\"><li class=\"\"><div class=\"dfd-list-content clearfix \" style=\"padding-bottom:30px;\"><div class=\"dfd-list-icon-block text-center\" style=\"margin-right:20px;color:rgba(255,255,255,0.5); font-size:16px; width:16px; height:16px; \"><i class = \"dfd-icon-marker\"><\/i><\/div><div class=\"dfd-list-content-block content\"><strong><span style=\"color: #206a32;\">RGS<\/span> CINA<\/strong><br \/>\nYi Road, Shanghai Minhang District A7 Block<\/p>\n<p>12153 \u2013 China<\/p>\n<p><a href=\"callto:+86 021-33561656\">+86 021-33561656<\/a><\/p>\n<p><a href=\"http:\/\/www.rgschina.com.cn\/\" target=\"_blank\" rel=\"noopener noreferrer\">www.rgschina.com.cn<\/a><\/div><\/div><\/li><li class=\"\"><div class=\"dfd-list-content clearfix \" style=\"padding-bottom:30px;\"><div class=\"dfd-list-icon-block text-center\" style=\"margin-right:20px;color:rgba(255,255,255,0.5); font-size:16px; width:16px; height:16px; \"><i class = \"dfd-icon-marker\"><\/i><\/div><div class=\"dfd-list-content-block content\"><strong><span style=\"color: #206a32;\">RGS<\/span> INDIA<\/strong><br \/>\nPLOT NO. 1685, JLPL Industrial Estate,<br \/>\nSector-82, SAS Nagar, Mohali (PB)-140306<\/p>\n<p><a href=\"callto:+91 9855185121\">+91 9855185121<\/a><\/p>\n<p><a href=\"http:\/\/www.rgsvacuumsolutions.com\/\" target=\"_blank\" rel=\"noopener noreferrer\">www.rgsvacuumsolutions.com<\/a><\/div><\/div><\/li><li class=\"\"><div class=\"dfd-list-content clearfix \" style=\"padding-bottom:30px;\"><div class=\"dfd-list-icon-block text-center\" style=\"margin-right:20px;color:rgba(255,255,255,0.5); font-size:16px; width:16px; height:16px; \"><i class = \"dfd-icon-marker\"><\/i><\/div><div class=\"dfd-list-content-block content\"><strong><span style=\"color: #206a32;\">RGS<\/span> IBERICA<\/strong><br \/>\nCtra. Prats, 527 - Sabadell<\/p>\n<p>08207 - Barcelona<\/p>\n<p><a href=\"callto:+34 93 717 10 14\">+34 93 717 10 14<\/a><\/p>\n<p><a style=\"text-decoration: none;\" href=\"https:\/\/www.rgsiberica.com\/\" target=\"_blank\" rel=\"noopener noreferrer\">www.rgsiberica.com<\/a><\/div><\/div><\/li><li class=\"\"><div class=\"dfd-list-content clearfix \" style=\"padding-bottom:30px;\"><div class=\"dfd-list-icon-block text-center\" style=\"margin-right:20px;color:rgba(255,255,255,0.5); font-size:16px; width:16px; height:16px; \"><i class = \"dfd-icon-marker\"><\/i><\/div><div class=\"dfd-list-content-block content\"><strong><span style=\"color: #206a32;\">RGS<\/span> BRASILE<\/strong><br \/>\nAv. S\u00e3o Jo\u00e3o, 2375, sala 1315 - Helbor Offices<br \/>\nSao Jose dos Campos - SP - CEP 12242-000<\/p>\n<p><a href=\"callto:+49 3330-6200\">+49 3330-6200<\/a><\/p>\n<p><a href=\"http:\/\/www.rgsbrasil.com.br\" target=\"_blank\" rel=\"noopener noreferrer\">www.rgsbrasil.com.br<\/a><\/div><\/div><\/li><li class=\"\"><div class=\"dfd-list-content clearfix \" style=\"padding-bottom:30px;\"><div class=\"dfd-list-icon-block text-center\" style=\"margin-right:20px;color:rgba(255,255,255,0.5); font-size:16px; width:16px; height:16px; \"><i class = \"dfd-icon-marker\"><\/i><\/div><div class=\"dfd-list-content-block content\"><strong><span style=\"color: #206a32;\">RGS<\/span> USA<\/strong><\/p>\n<p>P.O. Box 1767 Dandridge, TN 37725<\/p>\n<p><a href=\"callto:+1 512 827 3701\">+1 512 827 3701<\/a><\/p>\n<div class=\"dfd-list-content clearfix \">\n<div><a href=\"https:\/\/rgsvacuumsusa.com\/\" target=\"_blank\" rel=\"noopener noreferrer\">www.rgsvacuumusa.com<\/a><\/div>\n<\/div>\n<p><\/div><\/div><\/li><\/ul><\/div><script type=\"text\/javascript\">(function($) {$(\"head\").append(\"<style>#dfd-icon-list-69d762caa6990-1592 .dfd-icon-list .content {style=&quot;font-family:Raleway; font-weight:400; font-style:normal; font-size: 14px; line-height: 16px; &quot;}<\/style>\");})(jQuery);<\/script>[vc_row_inner][vc_column_inner]<div class=\"dfd-spacer-module\"  data-units=\"px\" data-wide_resolution=\"1280\" data-wide_size=\"0\" data-normal_resolution=\"1024\" data-normal_size=\"65\" data-tablet_resolution=\"800\" data-tablet_size=\"80\" data-mobile_resolution=\"480\" data-mobile_size=\"0\" style=\"height: 0px;\"><\/div>[\/vc_column_inner][\/vc_row_inner][\/vc_column][vc_column width=\"1\/3\"]<div class=\"dfd-spacer-module\"  data-units=\"px\" data-wide_resolution=\"1280\" data-wide_size=\"75\" data-normal_resolution=\"1024\" data-normal_size=\"65\" data-tablet_resolution=\"800\" data-tablet_size=\"50\" data-mobile_resolution=\"480\" data-mobile_size=\"0\" style=\"height: 75px;\"><\/div><div class=\"dfd-heading-shortcode\"><div class=\"dfd-heading-module-wrap  text-left style_01 dfd-heading-69d762caa6cdf dfd-disable-resposive-headings\" id=\"dfd-heading-69d762caa6cdf\" ><div class=\"inline-block\"><div class=\"dfd-heading-module\"><h6 class=\"widget-title dfd-title \" style=\"font-size: 13px; color: #7c7c7c !important; \">ABONNEZ-VOUS \u00c0 LA NEWSLETTER<\/h6><\/div><\/div><\/div><script type=\"text\/javascript\">\r\n\t\t\t\t\t\t\t\t\t(function($) {\r\n\t\t\t\t\t\t\t\t\t\t$(\"head\").append(\"<style>.dfd-heading-69d762caa6cdf.dfd-heading-module-wrap .dfd-heading-module .dfd-heading-delimiter {margin-top:10px;margin-bottom:10px;}<\/style>\");\r\n\t\t\t\t\t\t\t\t\t})(jQuery);\r\n\t\t\t\t\t\t\t\t<\/script><\/div>[vc_column_text]\t\t\t\t\t<script type=\"text\/javascript\">\n\t\t\t\t\t\tvar gCaptchaSibWidget;\n                        var onloadSibCallbackInvisible = function () {\n\n                            var element = document.getElementsByClassName('sib-default-btn');\n                            var countInvisible = 0;\n                            var indexArray = [];\n                            jQuery('.sib-default-btn').each(function (index, el) {\n                                if ((jQuery(el).attr('id') == \"invisible\")) {\n                                    indexArray[countInvisible] = index;\n                                    countInvisible++\n                                }\n                            });\n\n                            jQuery('.invi-recaptcha').each(function (index, el) {\n                                grecaptcha.render(element[indexArray[index]], {\n                                    'sitekey': jQuery(el).attr('data-sitekey'),\n                                    'callback': sibVerifyCallback,\n                                });\n                            });\n                        };\n\t\t\t\t\t<\/script>\n\t\t\t\t\t                <script src=\"https:\/\/www.google.com\/recaptcha\/api.js?onload=onloadSibCallbackInvisible&render=explicit\" async defer><\/script>\n\t\t\t\t\n\t\t\t<form id=\"sib_signup_form_8\" method=\"post\" class=\"sib_signup_form\">\n\t\t\t\t<div class=\"sib_loader\" style=\"display:none;\"><img\n\t\t\t\t\t\t\tsrc=\"https:\/\/rgsvacuumsystems.com\/wp-includes\/images\/spinner.gif\" alt=\"loader\"><\/div>\n\t\t\t\t<input type=\"hidden\" name=\"sib_form_action\" value=\"subscribe_form_submit\">\n\t\t\t\t<input type=\"hidden\" name=\"sib_form_id\" value=\"8\">\n                <input type=\"hidden\" name=\"sib_form_alert_notice\" value=\"Please fill out this field\">\n                <input type=\"hidden\" name=\"sib_form_invalid_email_notice\" value=\"Your email address is invalid\">\n                <input type=\"hidden\" name=\"sib_security\" value=\"46316fb58c\">\n\t\t\t\t<div class=\"sib_signup_box_inside_8\">\n\t\t\t\t\t<div style=\"\/*display:none*\/\" class=\"sib_msg_disp\">\n\t\t\t\t\t<\/div>\n                                            <div id=\"sib_captcha_invisible\" class=\"invi-recaptcha\" data-sitekey=\"6LfpITEqAAAAAG0F_hE9xb1b5t-GXp2EgD8GRYxO\"><\/div>\n                    \t\t\t\t\t\r\n<p class=\"sib-email-area\">\r\n    Email*\r\n    <input type=\"email\" class=\"sib-email-area\" name=\"email\" required=\"required\">\r\n<\/p>\r\n<p class=\"sib-NAME-area\">\r\n    Nom et Pr\u00e9nom\r\n    <input type=\"text\" class=\"sib-NAME-area\" name=\"NAME\">\r\n<\/p>\r\n<\/p>\r\n<input type=\"checkbox\" name=\"terms\" required=\"required\">J'accepte les termes et conditions\r\n\r\n<p>\r\n<p>\r\n    <input type=\"submit\" id=\"invisible\" class=\"sib-default-btn\" value=\"S'abonner\">\r\n<\/p>\r\n\t\t\t\t<\/div>\n\t\t\t<\/form>\n\t\t\t<style>\n\t\t\t\tform#sib_signup_form_8 { padding: 5px; -moz-box-sizing:border-box; -webkit-box-sizing: border-box; box-sizing: border-box; } form#sib_signup_form_8 input[type=text],form#sib_signup_form_8 input[type=email], form#sib_signup_form_8 select { width: 100%; border: 1px solid #bbb; height: auto; margin: 5px 0 0 0; } form#sib_signup_form_8 .sib-default-btn { margin: 5px 0; padding: 10px 60px 10px 60px; color:#fff; background-color: #206a32; border-color: #206a32; font-size: 13px; font-weight:400; line-height: 1.4285; text-align: center; cursor: pointer; vertical-align: middle; -webkit-user-select:none; -moz-user-select:none; -ms-user-select:none; user-select:none; white-space: normal; border:1px solid transparent; border-radius: 3px; } form#sib_signup_form_8 .sib-default-btn:hover { background-color: #222; } form#sib_signup_form_8 p{ margin: 10px 0 0 0; }form#sib_signup_form_8 p.sib-alert-message {\n    padding: 6px 12px;\n    margin-bottom: 20px;\n    border: 1px solid transparent;\n    border-radius: 4px;\n    -webkit-box-sizing: border-box;\n    -moz-box-sizing: border-box;\n    box-sizing: border-box;\n}\nform#sib_signup_form_8 p.sib-alert-message-error {\n    background-color: #f2dede;\n    border-color: #ebccd1;\n    color: #a94442;\n}\nform#sib_signup_form_8 p.sib-alert-message-success {\n    background-color: #dff0d8;\n    border-color: #d6e9c6;\n    color: #3c763d;\n}\nform#sib_signup_form_8 p.sib-alert-message-warning {\n    background-color: #fcf8e3;\n    border-color: #faebcc;\n    color: #8a6d3b;\n}\n\t\t\t<\/style>\n\t\t\t[\/vc_column_text]<div class=\"dfd-spacer-module\"  data-units=\"px\" data-wide_resolution=\"1280\" data-wide_size=\"30\" data-normal_resolution=\"1024\" data-normal_size=\"30\" data-tablet_resolution=\"800\" data-tablet_size=\"25\" data-mobile_resolution=\"480\" data-mobile_size=\"10\" style=\"height: 30px;\"><\/div><div class=\"dfd-spacer-module\"  data-units=\"px\" data-wide_resolution=\"1280\" data-wide_size=\"30\" data-normal_resolution=\"1024\" data-normal_size=\"30\" data-tablet_resolution=\"800\" data-tablet_size=\"25\" data-mobile_resolution=\"480\" data-mobile_size=\"10\" style=\"height: 30px;\"><\/div>[\/vc_column][\/vc_row]<\/p>\n<\/div>","protected":false},"excerpt":{"rendered":"<p>[vc_row][vc_column width=\"1\/3\"][vc_row_inner][vc_column_inner css=\".vc_custom_1492517463471{padding-right: 10% !important;}\"][vc_column_text]RGS Vacuum Systems est une entreprise sp\u00e9cialis\u00e9e dans la production d'aspirateurs industriels, de convoyeurs pneumatiques pour poudres et granul\u00e9s et de syst\u00e8mes d'aspiration centralis\u00e9s.[\/vc_column_text][vc_single_image image=\"92944\" img_size=\"240x70\"][vc_single_image<\/p>\n","protected":false},"author":1,"featured_media":0,"parent":0,"menu_order":0,"comment_status":"closed","ping_status":"closed","template":"","meta":{"_monsterinsights_skip_tracking":false,"_monsterinsights_sitenote_active":false,"_monsterinsights_sitenote_note":"","_monsterinsights_sitenote_category":0,"footnotes":""},"class_list":["post-92516","page","type-page","status-publish","hentry"],"yoast_head":"<!-- This site is optimized with the Yoast SEO Premium plugin v22.8 (Yoast SEO v26.8) - https:\/\/yoast.com\/product\/yoast-seo-premium-wordpress\/ -->\n<title>RGS Vacuum Systems - pied de page principal<\/title>\n<meta name=\"description\" content=\"RGS Vacuum Systems est une entreprise sp\u00e9cialis\u00e9e dans la production d\u2019aspirateurs industriels, de convoyeurs pneumatiques pour poudres et granul\u00e9s et de syst\u00e8mes d\u2019aspiration centralis\u00e9s.\" \/>\n<meta name=\"robots\" content=\"index, follow, max-snippet:-1, max-image-preview:large, max-video-preview:-1\" \/>\n<link rel=\"canonical\" href=\"https:\/\/rgsvacuumsystems.com\/fr\/footer-principale\/\" \/>\n<meta property=\"og:locale\" content=\"fr_FR\" \/>\n<meta property=\"og:type\" content=\"article\" \/>\n<meta property=\"og:title\" content=\"footer principale\" \/>\n<meta property=\"og:description\" content=\"RGS Vacuum Systems est une entreprise sp\u00e9cialis\u00e9e dans la production d\u2019aspirateurs industriels, de convoyeurs pneumatiques pour poudres et granul\u00e9s et de syst\u00e8mes d\u2019aspiration centralis\u00e9s.\" \/>\n<meta property=\"og:url\" content=\"https:\/\/rgsvacuumsystems.com\/fr\/footer-principale\/\" \/>\n<meta property=\"og:site_name\" content=\"RGS VACUUM SYSTEMS\" \/>\n<meta property=\"article:modified_time\" content=\"2025-06-26T07:17:37+00:00\" \/>\n<meta name=\"twitter:card\" content=\"summary_large_image\" \/>\n<meta name=\"twitter:label1\" content=\"Dur\u00e9e de lecture estim\u00e9e\" \/>\n\t<meta name=\"twitter:data1\" content=\"2 minutes\" \/>\n<script type=\"application\/ld+json\" class=\"yoast-schema-graph\">{\"@context\":\"https:\/\/schema.org\",\"@graph\":[{\"@type\":\"WebPage\",\"@id\":\"https:\/\/rgsvacuumsystems.com\/fr\/footer-principale\/\",\"url\":\"https:\/\/rgsvacuumsystems.com\/fr\/footer-principale\/\",\"name\":\"RGS Vacuum Systems - pied de page principal\",\"isPartOf\":{\"@id\":\"https:\/\/rgsvacuumsystems.com\/#website\"},\"datePublished\":\"2017-05-24T08:16:43+00:00\",\"dateModified\":\"2025-06-26T07:17:37+00:00\",\"description\":\"RGS Vacuum Systems est une entreprise sp\u00e9cialis\u00e9e dans la production d\u2019aspirateurs industriels, de convoyeurs pneumatiques pour poudres et granul\u00e9s et de syst\u00e8mes d\u2019aspiration centralis\u00e9s.\",\"breadcrumb\":{\"@id\":\"https:\/\/rgsvacuumsystems.com\/fr\/footer-principale\/#breadcrumb\"},\"inLanguage\":\"fr-FR\",\"potentialAction\":[{\"@type\":\"ReadAction\",\"target\":[\"https:\/\/rgsvacuumsystems.com\/fr\/footer-principale\/\"]}]},{\"@type\":\"BreadcrumbList\",\"@id\":\"https:\/\/rgsvacuumsystems.com\/fr\/footer-principale\/#breadcrumb\",\"itemListElement\":[{\"@type\":\"ListItem\",\"position\":1,\"name\":\"Home\",\"item\":\"https:\/\/rgsvacuumsystems.com\/fr\/\"},{\"@type\":\"ListItem\",\"position\":2,\"name\":\"footer principale\"}]},{\"@type\":\"WebSite\",\"@id\":\"https:\/\/rgsvacuumsystems.com\/#website\",\"url\":\"https:\/\/rgsvacuumsystems.com\/\",\"name\":\"RGS VACUUM SYSTEMS\",\"description\":\"Aspiratori Industriali, Trasportatori Pneumatici, Impianti Centralizzati\",\"potentialAction\":[{\"@type\":\"SearchAction\",\"target\":{\"@type\":\"EntryPoint\",\"urlTemplate\":\"https:\/\/rgsvacuumsystems.com\/?s={search_term_string}\"},\"query-input\":{\"@type\":\"PropertyValueSpecification\",\"valueRequired\":true,\"valueName\":\"search_term_string\"}}],\"inLanguage\":\"fr-FR\"}]}<\/script>\n<!-- \/ Yoast SEO Premium plugin. -->","yoast_head_json":{"title":"RGS Vacuum Systems - pied de page principal","description":"RGS Vacuum Systems est une entreprise sp\u00e9cialis\u00e9e dans la production d\u2019aspirateurs industriels, de convoyeurs pneumatiques pour poudres et granul\u00e9s et de syst\u00e8mes d\u2019aspiration centralis\u00e9s.","robots":{"index":"index","follow":"follow","max-snippet":"max-snippet:-1","max-image-preview":"max-image-preview:large","max-video-preview":"max-video-preview:-1"},"canonical":"https:\/\/rgsvacuumsystems.com\/fr\/footer-principale\/","og_locale":"fr_FR","og_type":"article","og_title":"footer principale","og_description":"RGS Vacuum Systems est une entreprise sp\u00e9cialis\u00e9e dans la production d\u2019aspirateurs industriels, de convoyeurs pneumatiques pour poudres et granul\u00e9s et de syst\u00e8mes d\u2019aspiration centralis\u00e9s.","og_url":"https:\/\/rgsvacuumsystems.com\/fr\/footer-principale\/","og_site_name":"RGS VACUUM SYSTEMS","article_modified_time":"2025-06-26T07:17:37+00:00","twitter_card":"summary_large_image","twitter_misc":{"Dur\u00e9e de lecture estim\u00e9e":"2 minutes"},"schema":{"@context":"https:\/\/schema.org","@graph":[{"@type":"WebPage","@id":"https:\/\/rgsvacuumsystems.com\/fr\/footer-principale\/","url":"https:\/\/rgsvacuumsystems.com\/fr\/footer-principale\/","name":"RGS Vacuum Systems - pied de page principal","isPartOf":{"@id":"https:\/\/rgsvacuumsystems.com\/#website"},"datePublished":"2017-05-24T08:16:43+00:00","dateModified":"2025-06-26T07:17:37+00:00","description":"RGS Vacuum Systems est une entreprise sp\u00e9cialis\u00e9e dans la production d\u2019aspirateurs industriels, de convoyeurs pneumatiques pour poudres et granul\u00e9s et de syst\u00e8mes d\u2019aspiration centralis\u00e9s.","breadcrumb":{"@id":"https:\/\/rgsvacuumsystems.com\/fr\/footer-principale\/#breadcrumb"},"inLanguage":"fr-FR","potentialAction":[{"@type":"ReadAction","target":["https:\/\/rgsvacuumsystems.com\/fr\/footer-principale\/"]}]},{"@type":"BreadcrumbList","@id":"https:\/\/rgsvacuumsystems.com\/fr\/footer-principale\/#breadcrumb","itemListElement":[{"@type":"ListItem","position":1,"name":"Home","item":"https:\/\/rgsvacuumsystems.com\/fr\/"},{"@type":"ListItem","position":2,"name":"footer principale"}]},{"@type":"WebSite","@id":"https:\/\/rgsvacuumsystems.com\/#website","url":"https:\/\/rgsvacuumsystems.com\/","name":"RGS VACUUM SYSTEMS","description":"Aspiratori Industriali, Trasportatori Pneumatici, Impianti Centralizzati","potentialAction":[{"@type":"SearchAction","target":{"@type":"EntryPoint","urlTemplate":"https:\/\/rgsvacuumsystems.com\/?s={search_term_string}"},"query-input":{"@type":"PropertyValueSpecification","valueRequired":true,"valueName":"search_term_string"}}],"inLanguage":"fr-FR"}]}},"_links":{"self":[{"href":"https:\/\/rgsvacuumsystems.com\/fr\/wp-json\/wp\/v2\/pages\/92516","targetHints":{"allow":["GET"]}}],"collection":[{"href":"https:\/\/rgsvacuumsystems.com\/fr\/wp-json\/wp\/v2\/pages"}],"about":[{"href":"https:\/\/rgsvacuumsystems.com\/fr\/wp-json\/wp\/v2\/types\/page"}],"author":[{"embeddable":true,"href":"https:\/\/rgsvacuumsystems.com\/fr\/wp-json\/wp\/v2\/users\/1"}],"replies":[{"embeddable":true,"href":"https:\/\/rgsvacuumsystems.com\/fr\/wp-json\/wp\/v2\/comments?post=92516"}],"version-history":[{"count":13,"href":"https:\/\/rgsvacuumsystems.com\/fr\/wp-json\/wp\/v2\/pages\/92516\/revisions"}],"predecessor-version":[{"id":93388,"href":"https:\/\/rgsvacuumsystems.com\/fr\/wp-json\/wp\/v2\/pages\/92516\/revisions\/93388"}],"wp:attachment":[{"href":"https:\/\/rgsvacuumsystems.com\/fr\/wp-json\/wp\/v2\/media?parent=92516"}],"curies":[{"name":"wp","href":"https:\/\/api.w.org\/{rel}","templated":true}]}}